{"id":96,"date":"2023-07-19T22:20:50","date_gmt":"2023-07-19T20:20:50","guid":{"rendered":"https:\/\/gosplus.de\/?page_id=96"},"modified":"2025-10-14T22:51:42","modified_gmt":"2025-10-14T20:51:42","slug":"ueber-gosplus","status":"publish","type":"page","link":"https:\/\/gosplus.de\/?page_id=96","title":{"rendered":"GOSplus"},"content":{"rendered":"\n<h2 class=\"wp-block-heading\">\u00dcber GOSplus: Erfahrung, Netzwerk und globale Pr\u00e4senz<br>About GOSplus: Experience, Network, and Global Presence<\/h2>\n\n\n\n<div class=\"wp-block-columns is-layout-flex wp-container-core-columns-is-layout-9d6595d7 wp-block-columns-is-layout-flex\">\n<div class=\"wp-block-column is-layout-flow wp-block-column-is-layout-flow\">\n<p>Seit 1972 bin ich in der Softwareentwicklung f\u00fcr Geod\u00e4sie und Vermessung t\u00e4tig. In \u00fcber 50 Jahren habe ich zahlreiche Softwarel\u00f6sungen von der ersten Idee bis zur Marktreife gef\u00fchrt \u2013 von geod\u00e4tischen Berechnungsprogrammen \u00fcber Koordinatentransformations-Tools bis hin zu komplexen ALKIS-Anwendungen.<\/p>\n\n\n\n<p>Um in einem dynamischen Markt stets die besten Ergebnisse zu erzielen, wurde GOSplus neu strukturiert. Heute operieren wir als agiles Netzwerk aus spezialisierten Software-Partnern und erfahrenen Entwicklern. Diese moderne Struktur garantiert unseren Kunden maximale Flexibilit\u00e4t und stellt sicher, dass wir stets die passende Expertise f\u00fcr innovative L\u00f6sungen b\u00fcndeln k\u00f6nnen.<\/p>\n\n\n\n<p>Ein wesentlicher Bestandteil dieser modernen Arbeitsweise ist die bewusste Entscheidung f\u00fcr Ortsunabh\u00e4ngigkeit. Ob ich von meinem B\u00fcro in Deutschland aus arbeite oder als digitaler Nomade von unterwegs: Meine Erreichbarkeit und die Projektkontinuit\u00e4t haben stets oberste Priorit\u00e4t.<\/p>\n<\/div>\n\n\n\n<div class=\"wp-block-column is-layout-flow wp-block-column-is-layout-flow\">\n<p>I have been active in software development for geodesy and surveying since 1972. In over 50 years, I have guided numerous software solutions from the initial concept to market readiness\u2014from geodetic calculation programs and coordinate transformation tools to complex ALKIS applications.<\/p>\n\n\n\n<p>To consistently achieve the best results in a dynamic market, GOSplus has been restructured. Today, we operate as an agile network of specialized software partners and experienced developers. This modern structure guarantees our clients maximum flexibility and ensures that we always bundle the right expertise for innovative solutions.<\/p>\n\n\n\n<p>An essential part of this modern approach is the deliberate decision for location independence. Whether I am working from my office in Germany or as a digital nomad on the move, my availability and project continuity are always the top priority.<\/p>\n<\/div>\n<\/div>\n\n\n\n<figure class=\"wp-block-gallery has-nested-images columns-default is-cropped wp-block-gallery-1 is-layout-flex wp-block-gallery-is-layout-flex\">\n<figure class=\"wp-block-image size-large is-style-rounded\"><a href=\"https:\/\/kalleontour.de\/\" target=\"_blank\" rel=\" noreferrer noopener\"><img loading=\"lazy\" decoding=\"async\" width=\"1024\" height=\"768\" data-id=\"380\" src=\"https:\/\/gosplus.de\/wp-content\/uploads\/2025\/01\/20240728_091715-1024x768.jpg\" alt=\"\" class=\"wp-image-380\" srcset=\"https:\/\/gosplus.de\/wp-content\/uploads\/2025\/01\/20240728_091715-1024x768.jpg 1024w, https:\/\/gosplus.de\/wp-content\/uploads\/2025\/01\/20240728_091715-300x225.jpg 300w, https:\/\/gosplus.de\/wp-content\/uploads\/2025\/01\/20240728_091715-768x576.jpg 768w, https:\/\/gosplus.de\/wp-content\/uploads\/2025\/01\/20240728_091715-1536x1152.jpg 1536w, https:\/\/gosplus.de\/wp-content\/uploads\/2025\/01\/20240728_091715.jpg 1920w\" sizes=\"auto, (max-width: 1024px) 100vw, 1024px\" \/><\/a><\/figure>\n\n\n\n<figure class=\"wp-block-image size-large is-style-rounded\"><a href=\"https:\/\/kalleontour.de\/\" target=\"_blank\" rel=\" noreferrer noopener\"><img loading=\"lazy\" decoding=\"async\" width=\"1024\" height=\"768\" data-id=\"379\" src=\"https:\/\/gosplus.de\/wp-content\/uploads\/2025\/01\/IMG_8296-1024x768.jpg\" alt=\"\" class=\"wp-image-379\" srcset=\"https:\/\/gosplus.de\/wp-content\/uploads\/2025\/01\/IMG_8296-1024x768.jpg 1024w, https:\/\/gosplus.de\/wp-content\/uploads\/2025\/01\/IMG_8296-300x225.jpg 300w, https:\/\/gosplus.de\/wp-content\/uploads\/2025\/01\/IMG_8296-768x576.jpg 768w, https:\/\/gosplus.de\/wp-content\/uploads\/2025\/01\/IMG_8296-1536x1152.jpg 1536w, https:\/\/gosplus.de\/wp-content\/uploads\/2025\/01\/IMG_8296-rotated.jpg 2016w\" sizes=\"auto, (max-width: 1024px) 100vw, 1024px\" \/><\/a><\/figure>\n<\/figure>\n\n\n\n<div class=\"wp-block-columns is-layout-flex wp-container-core-columns-is-layout-9d6595d7 wp-block-columns-is-layout-flex\">\n<div class=\"wp-block-column is-layout-flow wp-block-column-is-layout-flow\">\n<p>Dahinter steht keine Improvisation, sondern eine hochprofessionelle technische Infrastruktur. Durch den Einsatz von industriellen Mobilfunk-Routern (Teltonika), globaler Konnektivit\u00e4t via eSIM und einem redundanten Satelliten-Internetzugang (Starlink) ist eine ausfallsichere Online-Pr\u00e4senz gew\u00e4hrleistet, die in ihrer Zuverl\u00e4ssigkeit die eines station\u00e4ren B\u00fcros sogar \u00fcbertrifft. Diese technologische Unabh\u00e4ngigkeit erm\u00f6glicht es mir, auch unter anspruchsvollsten Bedingungen voll handlungsf\u00e4hig zu bleiben.<\/p>\n\n\n\n<p>F\u00fcr Sie als Gesch\u00e4ftspartner bedeutet das: Ich bin f\u00fcr Sie nicht <em>trotz<\/em>, sondern <strong>wegen<\/strong> meiner Mobilit\u00e4t ein extrem verl\u00e4sslicher und nahezu jederzeit erreichbarer Ansprechpartner. Sie profitieren von einem erfahrenen Experten, der die Freiheit hat, dort zu sein, wo er gebraucht wird \u2013 ohne jemals den Kontakt zu verlieren.<\/p>\n<\/div>\n\n\n\n<div class=\"wp-block-column is-layout-flow wp-block-column-is-layout-flow\">\n<p>This is not based on improvisation but on a highly professional technical infrastructure. Through the use of industrial mobile routers (Teltonika), global connectivity via eSIM, and a redundant satellite internet connection (Starlink), a fail-safe online presence is guaranteed\u2014one that can even surpass the reliability of a stationary office. This technological independence allows me to remain fully operational even under the most demanding conditions.<\/p>\n\n\n\n<p>For you as a business partner, this means: I am an extremely reliable and almost always available point of contact not <em>in spite of<\/em>, but <strong>because of<\/strong> my mobility. You benefit from an experienced expert who has the freedom to be where he is needed\u2014without ever losing touch.<\/p>\n<\/div>\n<\/div>\n\n\n\n<div class=\"wp-block-columns is-layout-flex wp-container-core-columns-is-layout-9d6595d7 wp-block-columns-is-layout-flex\">\n<div class=\"wp-block-column is-layout-flow wp-block-column-is-layout-flow\"><\/div>\n\n\n\n<div class=\"wp-block-column is-layout-flow wp-block-column-is-layout-flow\"><\/div>\n<\/div>\n\n\n\n<p><\/p>\n","protected":false},"excerpt":{"rendered":"<p>\u00dcber GOSplus: Erfahrung, Netzwerk und globale Pr\u00e4senzAbout GOSplus: Experience, Network, and Global Presence Seit 1972 bin ich in der Softwareentwicklung f\u00fcr Geod\u00e4sie und Vermessung t\u00e4tig. In \u00fcber 50 Jahren habe ich zahlreiche Softwarel\u00f6sungen von der ersten Idee bis zur Marktreife &hellip; <a href=\"https:\/\/gosplus.de\/?page_id=96\">Weiterlesen <span class=\"meta-nav\">&rarr;<\/span><\/a><\/p>\n","protected":false},"author":1,"featured_media":0,"parent":0,"menu_order":0,"comment_status":"closed","ping_status":"closed","template":"","meta":{"footnotes":""},"class_list":["post-96","page","type-page","status-publish","hentry"],"_links":{"self":[{"href":"https:\/\/gosplus.de\/index.php?rest_route=\/wp\/v2\/pages\/96","targetHints":{"allow":["GET"]}}],"collection":[{"href":"https:\/\/gosplus.de\/index.php?rest_route=\/wp\/v2\/pages"}],"about":[{"href":"https:\/\/gosplus.de\/index.php?rest_route=\/wp\/v2\/types\/page"}],"author":[{"embeddable":true,"href":"https:\/\/gosplus.de\/index.php?rest_route=\/wp\/v2\/users\/1"}],"replies":[{"embeddable":true,"href":"https:\/\/gosplus.de\/index.php?rest_route=%2Fwp%2Fv2%2Fcomments&post=96"}],"version-history":[{"count":15,"href":"https:\/\/gosplus.de\/index.php?rest_route=\/wp\/v2\/pages\/96\/revisions"}],"predecessor-version":[{"id":536,"href":"https:\/\/gosplus.de\/index.php?rest_route=\/wp\/v2\/pages\/96\/revisions\/536"}],"wp:attachment":[{"href":"https:\/\/gosplus.de\/index.php?rest_route=%2Fwp%2Fv2%2Fmedia&parent=96"}],"curies":[{"name":"wp","href":"https:\/\/api.w.org\/{rel}","templated":true}]}}