{"id":92,"date":"2023-07-19T22:19:39","date_gmt":"2023-07-19T20:19:39","guid":{"rendered":"https:\/\/gosplus.de\/?page_id=92"},"modified":"2024-12-22T11:09:09","modified_gmt":"2024-12-22T10:09:09","slug":"partner","status":"publish","type":"page","link":"https:\/\/gosplus.de\/?page_id=92","title":{"rendered":"Partner"},"content":{"rendered":"\n<p>Vertriebliche Kooperation und gemeinschaftliche Entwicklung<\/p>\n\n\n\n<p>Wir sind gut vernetzt mit Partnerfirmen aus unterschiedlichen Bereichen.<\/p>\n\n\n\n<p>Die Zusammenarbeit ist je nach Partner unterschiedlich und kann z.B. eine vertriebliche Kooperation, die gemeinschaftliche Entwicklung von Softwarel\u00f6sungen oder auch eine Projektpartnerschaft umfassen.<\/p>\n\n\n\n<p>Unser Ziel dabei ist immer, unseren Kunden einen m\u00f6glichst umfassenden Service zu gew\u00e4hrleisten sowie neue Gesch\u00e4ftsideen umzusetzen.<\/p>\n\n\n\n<p>Sprechen Sie uns gerne an, wenn Sie auch Interesse an einer Zusammenarbeit haben.Wir sind stolz darauf, mit den folgenden Unternehmen zusammenzuarbeiten<\/p>\n\n\n\n<div class=\"wp-block-media-text is-stacked-on-mobile has-light-gray-background-color has-background\" style=\"grid-template-columns:25% auto\"><figure class=\"wp-block-media-text__media\"><a href=\"https:\/\/www.aresdata.de\/\" target=\"_blank\" rel=\" noreferrer noopener\"><img loading=\"lazy\" decoding=\"async\" width=\"552\" height=\"188\" src=\"https:\/\/gosplus.de\/wp-content\/uploads\/2024\/12\/aRES_Logo.png\" alt=\"\" class=\"wp-image-345 size-full\" srcset=\"https:\/\/gosplus.de\/wp-content\/uploads\/2024\/12\/aRES_Logo.png 552w, https:\/\/gosplus.de\/wp-content\/uploads\/2024\/12\/aRES_Logo-300x102.png 300w\" sizes=\"auto, (max-width: 552px) 100vw, 552px\" \/><\/a><\/figure><div class=\"wp-block-media-text__content\">\n<p><strong>aRES Datensysteme<\/strong><br>Willy-Brandt-Stra\u00dfe 44\/2<br>06110 Halle (Saale)<br>Tel.: +49 (0) 345 &#8211; 12 27 77 90<\/p>\n\n\n\n<p>cseTools &#8211; professionelle Tiefbaul\u00f6sungen \/ Software f\u00fcr Wasserversorgung und Abwasserbeseitigung \/ AutoCAD\u00ae, BricsCAD\u00ae-Applikation f\u00fcr ALKIS und CRS-Transformation<\/p>\n<\/div><\/div>\n\n\n\n<p><\/p>\n","protected":false},"excerpt":{"rendered":"<p>Vertriebliche Kooperation und gemeinschaftliche Entwicklung Wir sind gut vernetzt mit Partnerfirmen aus unterschiedlichen Bereichen. Die Zusammenarbeit ist je nach Partner unterschiedlich und kann z.B. eine vertriebliche Kooperation, die gemeinschaftliche Entwicklung von Softwarel\u00f6sungen oder auch eine Projektpartnerschaft umfassen. Unser Ziel dabei &hellip; <a href=\"https:\/\/gosplus.de\/?page_id=92\">Weiterlesen <span class=\"meta-nav\">&rarr;<\/span><\/a><\/p>\n","protected":false},"author":1,"featured_media":0,"parent":0,"menu_order":0,"comment_status":"closed","ping_status":"closed","template":"","meta":{"footnotes":""},"class_list":["post-92","page","type-page","status-publish","hentry"],"_links":{"self":[{"href":"https:\/\/gosplus.de\/index.php?rest_route=\/wp\/v2\/pages\/92","targetHints":{"allow":["GET"]}}],"collection":[{"href":"https:\/\/gosplus.de\/index.php?rest_route=\/wp\/v2\/pages"}],"about":[{"href":"https:\/\/gosplus.de\/index.php?rest_route=\/wp\/v2\/types\/page"}],"author":[{"embeddable":true,"href":"https:\/\/gosplus.de\/index.php?rest_route=\/wp\/v2\/users\/1"}],"replies":[{"embeddable":true,"href":"https:\/\/gosplus.de\/index.php?rest_route=%2Fwp%2Fv2%2Fcomments&post=92"}],"version-history":[{"count":5,"href":"https:\/\/gosplus.de\/index.php?rest_route=\/wp\/v2\/pages\/92\/revisions"}],"predecessor-version":[{"id":348,"href":"https:\/\/gosplus.de\/index.php?rest_route=\/wp\/v2\/pages\/92\/revisions\/348"}],"wp:attachment":[{"href":"https:\/\/gosplus.de\/index.php?rest_route=%2Fwp%2Fv2%2Fmedia&parent=92"}],"curies":[{"name":"wp","href":"https:\/\/api.w.org\/{rel}","templated":true}]}}