{"id":89,"date":"2023-07-19T22:15:45","date_gmt":"2023-07-19T20:15:45","guid":{"rendered":"https:\/\/gosplus.de\/?page_id=89"},"modified":"2023-07-25T18:36:09","modified_gmt":"2023-07-25T16:36:09","slug":"beratung","status":"publish","type":"page","link":"https:\/\/gosplus.de\/?page_id=89","title":{"rendered":"Beratung"},"content":{"rendered":"\n<p>Wir stehen Ihnen als kompetente Berater bei allen Projekten im Koordinaten-Umfeld zur Verf\u00fcgung. Egal ob es um Bezugssysteme geht, um EPSG-Definitionen oder Transformationen, ob es sich um ein Problem im Bereich Ellipsoide oder um typische Berechnungen handelt: Wir finden die optimale Antwort auf Ihre Fragen.<\/p>\n\n\n\n<p>Wir analysieren die bestehenden Prozesse und entwickeln auf dieser Basis Empfehlungen f\u00fcr die geeignete Technologie: Welche Techniken, welche Software soll eingesetzt werden? Welche L\u00f6sung ist f\u00fcr das jeweilige Projekt geeignet? Gemeinsam mit Ihnen erarbeiten wir optimale M\u00f6glichkeiten zur Datenstrukturierung und den Workflow. Bei Bedarf erstellen wir eine erforderliche Library f\u00fcr die Integration in Ihre Software.<\/p>\n","protected":false},"excerpt":{"rendered":"<p>Wir stehen Ihnen als kompetente Berater bei allen Projekten im Koordinaten-Umfeld zur Verf\u00fcgung. Egal ob es um Bezugssysteme geht, um EPSG-Definitionen oder Transformationen, ob es sich um ein Problem im Bereich Ellipsoide oder um typische Berechnungen handelt: Wir finden die &hellip; <a href=\"https:\/\/gosplus.de\/?page_id=89\">Weiterlesen <span class=\"meta-nav\">&rarr;<\/span><\/a><\/p>\n","protected":false},"author":1,"featured_media":0,"parent":0,"menu_order":0,"comment_status":"closed","ping_status":"closed","template":"","meta":{"footnotes":""},"class_list":["post-89","page","type-page","status-publish","hentry"],"_links":{"self":[{"href":"https:\/\/gosplus.de\/index.php?rest_route=\/wp\/v2\/pages\/89","targetHints":{"allow":["GET"]}}],"collection":[{"href":"https:\/\/gosplus.de\/index.php?rest_route=\/wp\/v2\/pages"}],"about":[{"href":"https:\/\/gosplus.de\/index.php?rest_route=\/wp\/v2\/types\/page"}],"author":[{"embeddable":true,"href":"https:\/\/gosplus.de\/index.php?rest_route=\/wp\/v2\/users\/1"}],"replies":[{"embeddable":true,"href":"https:\/\/gosplus.de\/index.php?rest_route=%2Fwp%2Fv2%2Fcomments&post=89"}],"version-history":[{"count":2,"href":"https:\/\/gosplus.de\/index.php?rest_route=\/wp\/v2\/pages\/89\/revisions"}],"predecessor-version":[{"id":118,"href":"https:\/\/gosplus.de\/index.php?rest_route=\/wp\/v2\/pages\/89\/revisions\/118"}],"wp:attachment":[{"href":"https:\/\/gosplus.de\/index.php?rest_route=%2Fwp%2Fv2%2Fmedia&parent=89"}],"curies":[{"name":"wp","href":"https:\/\/api.w.org\/{rel}","templated":true}]}}