{"id":467,"date":"2025-09-29T20:41:42","date_gmt":"2025-09-29T18:41:42","guid":{"rendered":"https:\/\/gosplus.de\/?page_id=467"},"modified":"2025-09-29T21:05:18","modified_gmt":"2025-09-29T19:05:18","slug":"p_gcf_l270","status":"publish","type":"page","link":"https:\/\/gosplus.de\/?page_id=467","title":{"rendered":"P_GCF_L270"},"content":{"rendered":"\n<h2 class=\"wp-block-heading\"><strong>L270_CrsTools<\/strong><\/h2>\n\n\n\n<p>Die CrsTools sind eine Software-Bibliothek, eine Sammlung von mathematischen Berechnungen rund um Koordinaten und Koordinatensysteme.<\/p>\n\n\n\n<p>Sie k\u00f6nnen Ihre Software mit dieser CrsTools-Bibliothek einfach um internationale Koordinatensysteme und Transformationen erweitern.<\/p>\n\n\n\n<p>Die CrsTools beinhalten allgemeine Definitionen und Berechnungen f\u00fcr<\/p>\n\n\n\n<ul class=\"wp-block-list\">\n<li>Ellipsoide (Bessel, Krassowski, GRS80, WGS84, &#8230;)<\/li>\n\n\n\n<li>Prime-Meridian (Greenwich, Ferro, Bern, &#8230;)<\/li>\n\n\n\n<li>MAP-Projektionen (Gauss-Kr\u00fcger, UTM, &#8230;)<\/li>\n\n\n\n<li>Projektionen (Mercator, Cassini-Soldner, Lambert, Swiss-Oblique, &#8230;)<\/li>\n\n\n\n<li>3D-Transformationen (zwischen ETRS89, WGS84, DHDN, MGI, DB-REF, &#8230;)<\/li>\n\n\n\n<li>3D-Transformations-Verfahren (Helmert, Molodensky, Badekas, Abgidged, &#8230;)<\/li>\n\n\n\n<li>VRS-H\u00f6hentransformation (Gitterdateien (BiLineare Interpolation))<br><br><\/li>\n<\/ul>\n\n\n\n<p>Mit diesen Basisdefinitionen und Berechnungen sind zus\u00e4tzlich Transformationsverfahren f\u00fcr spezielle Anforderungen aus unterschiedlichen Bereichen wie GIS und Kataster sowie Anforderungen aus verschiedenen L\u00e4ndern\/Bundesl\u00e4ndern integriert:<\/p>\n\n\n\n<ul class=\"wp-block-list\">\n<li>NTv2<\/li>\n\n\n\n<li>LDP (USA: Low Distortion Projection)<\/li>\n\n\n\n<li>LTK (Sachsen-Anhalt)<\/li>\n\n\n\n<li>TGU-RP (Rheinland-Pfalz)<\/li>\n\n\n\n<li>Transformation (Passpunkte)<\/li>\n\n\n\n<li>CrsTrans3D (Bezugssystem)<\/li>\n<\/ul>\n\n\n\n<p>Definitionen k\u00f6nnen individuell \u00fcber die API oder \u00fcber einen XML-Import erweitert werden. Alle Definitionen und Transformationen werden \u00fcber den internationalen EPSG-Code gesteuert.<\/p>\n\n\n<div class=\"_df_book df-lite\" id=\"df_479\"  _slug=\"l270_crstools\" data-title=\"l270_crstools\" wpoptions=\"true\" thumbtype=\"\" ><\/div><script class=\"df-shortcode-script\" nowprocket type=\"application\/javascript\">window.option_df_479 = {\"outline\":[],\"autoEnableOutline\":\"false\",\"autoEnableThumbnail\":\"false\",\"overwritePDFOutline\":\"false\",\"direction\":\"1\",\"pageSize\":\"0\",\"source\":\"https:\\\/\\\/gosplus.de\\\/wp-content\\\/uploads\\\/2025\\\/09\\\/L270_WhitePaper.pdf\",\"wpOptions\":\"true\"}; if(window.DFLIP && window.DFLIP.parseBooks){window.DFLIP.parseBooks();}<\/script>\n\n\n\n<p><\/p>\n\n\n\n<p><\/p>\n","protected":false},"excerpt":{"rendered":"<p>L270_CrsTools Die CrsTools sind eine Software-Bibliothek, eine Sammlung von mathematischen Berechnungen rund um Koordinaten und Koordinatensysteme. Sie k\u00f6nnen Ihre Software mit dieser CrsTools-Bibliothek einfach um internationale Koordinatensysteme und Transformationen erweitern. Die CrsTools beinhalten allgemeine Definitionen und Berechnungen f\u00fcr Mit diesen &hellip; <a href=\"https:\/\/gosplus.de\/?page_id=467\">Weiterlesen <span class=\"meta-nav\">&rarr;<\/span><\/a><\/p>\n","protected":false},"author":1,"featured_media":0,"parent":0,"menu_order":0,"comment_status":"closed","ping_status":"closed","template":"","meta":{"footnotes":""},"class_list":["post-467","page","type-page","status-publish","hentry"],"_links":{"self":[{"href":"https:\/\/gosplus.de\/index.php?rest_route=\/wp\/v2\/pages\/467","targetHints":{"allow":["GET"]}}],"collection":[{"href":"https:\/\/gosplus.de\/index.php?rest_route=\/wp\/v2\/pages"}],"about":[{"href":"https:\/\/gosplus.de\/index.php?rest_route=\/wp\/v2\/types\/page"}],"author":[{"embeddable":true,"href":"https:\/\/gosplus.de\/index.php?rest_route=\/wp\/v2\/users\/1"}],"replies":[{"embeddable":true,"href":"https:\/\/gosplus.de\/index.php?rest_route=%2Fwp%2Fv2%2Fcomments&post=467"}],"version-history":[{"count":5,"href":"https:\/\/gosplus.de\/index.php?rest_route=\/wp\/v2\/pages\/467\/revisions"}],"predecessor-version":[{"id":484,"href":"https:\/\/gosplus.de\/index.php?rest_route=\/wp\/v2\/pages\/467\/revisions\/484"}],"wp:attachment":[{"href":"https:\/\/gosplus.de\/index.php?rest_route=%2Fwp%2Fv2%2Fmedia&parent=467"}],"curies":[{"name":"wp","href":"https:\/\/api.w.org\/{rel}","templated":true}]}}