{"id":435,"date":"2025-09-28T10:13:33","date_gmt":"2025-09-28T08:13:33","guid":{"rendered":"https:\/\/gosplus.de\/?page_id=435"},"modified":"2025-09-30T23:40:00","modified_gmt":"2025-09-30T21:40:00","slug":"p_gp_works","status":"publish","type":"page","link":"https:\/\/gosplus.de\/?page_id=435","title":{"rendered":"P_GP_Works"},"content":{"rendered":"\n<h1 class=\"wp-block-heading\"><strong>GP-Works<\/strong><\/h1>\n\n\n\n<p>GP-Works ist die Referenzimplementierung und der Leistungsbeweis f\u00fcr unser GCF. Die Anwendung selbst ist eine reine Benutzeroberfl\u00e4che (UI), w\u00e4hrend die komplette Berechnungslogik von den GCF-Bibliotheken (u.a. <a href=\"https:\/\/gosplus.de\/?page_id=469\" data-type=\"page\" data-id=\"469\">L180_GeOP<\/a>, <a href=\"https:\/\/gosplus.de\/?page_id=487\" data-type=\"page\" data-id=\"487\">L130_Expression<\/a>) \u00fcbernommen wird. GP-Works visualisiert damit perfekt das Potenzial und die Anwendungsm\u00f6glichkeiten des Frameworks in einer fertigen Desktop-Anwendung.<\/p>\n\n\n\n<h3 class=\"wp-block-heading\"><strong>VIDEO-1: Aufbau und Struktur:<\/strong><\/h3>\n\n\n\n<figure class=\"wp-block-embed is-type-video is-provider-youtube wp-block-embed-youtube wp-embed-aspect-4-3 wp-has-aspect-ratio\"><div class=\"wp-block-embed__wrapper\">\n<iframe loading=\"lazy\" title=\"GP-Works 1\/4: Intro\" width=\"640\" height=\"480\" src=\"https:\/\/www.youtube.com\/embed\/Uw-7MDLa_wQ?feature=oembed\" frameborder=\"0\" allow=\"accelerometer; autoplay; clipboard-write; encrypted-media; gyroscope; picture-in-picture; web-share\" referrerpolicy=\"strict-origin-when-cross-origin\" allowfullscreen><\/iframe>\n<\/div><\/figure>\n\n\n\n<h3 class=\"wp-block-heading\" id=\"VIDEO_L180\"><br><strong>VIDEO-2: ALKIS-Grafik und Eigent\u00fcmer-Auskunft:<\/strong><\/h3>\n\n\n\n<figure class=\"wp-block-embed is-type-video is-provider-youtube wp-block-embed-youtube wp-embed-aspect-4-3 wp-has-aspect-ratio\"><div class=\"wp-block-embed__wrapper\">\n<iframe loading=\"lazy\" title=\"GP-Works 2\/4: Alkis-Modul\" width=\"640\" height=\"480\" src=\"https:\/\/www.youtube.com\/embed\/Nh1ZdRQG7Bs?feature=oembed\" frameborder=\"0\" allow=\"accelerometer; autoplay; clipboard-write; encrypted-media; gyroscope; picture-in-picture; web-share\" referrerpolicy=\"strict-origin-when-cross-origin\" allowfullscreen><\/iframe>\n<\/div><\/figure>\n\n\n\n<h3 class=\"wp-block-heading\" id=\"GP_WORKS_V3\"><br><strong>VIDEO-3: Geod\u00e4tische Berechnung:<\/strong><\/h3>\n\n\n\n<figure class=\"wp-block-embed is-type-video is-provider-youtube wp-block-embed-youtube wp-embed-aspect-4-3 wp-has-aspect-ratio\"><div class=\"wp-block-embed__wrapper\">\n<iframe loading=\"lazy\" title=\"GP-Works 3\/4: Geod\u00e4tische Berechnungen mit Ausgleichung\" width=\"640\" height=\"480\" src=\"https:\/\/www.youtube.com\/embed\/1TdB7j8b9Bg?feature=oembed\" frameborder=\"0\" allow=\"accelerometer; autoplay; clipboard-write; encrypted-media; gyroscope; picture-in-picture; web-share\" referrerpolicy=\"strict-origin-when-cross-origin\" allowfullscreen><\/iframe>\n<\/div><\/figure>\n\n\n\n<h3 class=\"wp-block-heading\"><br><strong>VIDEO-4: Dokumentenverwaltung (Riss, Fotos, &#8230;):<\/strong><\/h3>\n\n\n\n<figure class=\"wp-block-embed is-type-video is-provider-youtube wp-block-embed-youtube wp-embed-aspect-4-3 wp-has-aspect-ratio\"><div class=\"wp-block-embed__wrapper\">\n<iframe loading=\"lazy\" title=\"GP-Works 4\/4: Dokumentenverwaltung (Risse, JPGs, PDFs, ...)\" width=\"640\" height=\"480\" src=\"https:\/\/www.youtube.com\/embed\/vg0gRhX2fZ4?feature=oembed\" frameborder=\"0\" allow=\"accelerometer; autoplay; clipboard-write; encrypted-media; gyroscope; picture-in-picture; web-share\" referrerpolicy=\"strict-origin-when-cross-origin\" allowfullscreen><\/iframe>\n<\/div><\/figure>\n\n\n\n<p><\/p>\n","protected":false},"excerpt":{"rendered":"<p>GP-Works GP-Works ist die Referenzimplementierung und der Leistungsbeweis f\u00fcr unser GCF. Die Anwendung selbst ist eine reine Benutzeroberfl\u00e4che (UI), w\u00e4hrend die komplette Berechnungslogik von den GCF-Bibliotheken (u.a. L180_GeOP, L130_Expression) \u00fcbernommen wird. GP-Works visualisiert damit perfekt das Potenzial und die Anwendungsm\u00f6glichkeiten &hellip; <a href=\"https:\/\/gosplus.de\/?page_id=435\">Weiterlesen <span class=\"meta-nav\">&rarr;<\/span><\/a><\/p>\n","protected":false},"author":1,"featured_media":0,"parent":0,"menu_order":0,"comment_status":"closed","ping_status":"closed","template":"","meta":{"footnotes":""},"class_list":["post-435","page","type-page","status-publish","hentry"],"_links":{"self":[{"href":"https:\/\/gosplus.de\/index.php?rest_route=\/wp\/v2\/pages\/435","targetHints":{"allow":["GET"]}}],"collection":[{"href":"https:\/\/gosplus.de\/index.php?rest_route=\/wp\/v2\/pages"}],"about":[{"href":"https:\/\/gosplus.de\/index.php?rest_route=\/wp\/v2\/types\/page"}],"author":[{"embeddable":true,"href":"https:\/\/gosplus.de\/index.php?rest_route=\/wp\/v2\/users\/1"}],"replies":[{"embeddable":true,"href":"https:\/\/gosplus.de\/index.php?rest_route=%2Fwp%2Fv2%2Fcomments&post=435"}],"version-history":[{"count":9,"href":"https:\/\/gosplus.de\/index.php?rest_route=\/wp\/v2\/pages\/435\/revisions"}],"predecessor-version":[{"id":513,"href":"https:\/\/gosplus.de\/index.php?rest_route=\/wp\/v2\/pages\/435\/revisions\/513"}],"wp:attachment":[{"href":"https:\/\/gosplus.de\/index.php?rest_route=%2Fwp%2Fv2%2Fmedia&parent=435"}],"curies":[{"name":"wp","href":"https:\/\/api.w.org\/{rel}","templated":true}]}}