{"id":362,"date":"2024-12-22T11:35:24","date_gmt":"2024-12-22T10:35:24","guid":{"rendered":"https:\/\/gosplus.de\/?page_id=362"},"modified":"2026-02-16T20:48:38","modified_gmt":"2026-02-16T19:48:38","slug":"p_gcf","status":"publish","type":"page","link":"https:\/\/gosplus.de\/?page_id=362","title":{"rendered":"P_GCF"},"content":{"rendered":"\n<h2 class=\"wp-block-heading\"><strong>GCF &#8211; Geodetic Calculation Framework<\/strong><\/h2>\n\n\n\n<p>Das GCF ist die ideale Basis, um geod\u00e4tisches Fachwissen in Ihre bestehende Software zu integrieren oder darauf basierend eigenst\u00e4ndige Anwendungen \u2013 wie B\u00fcro- oder Feldl\u00f6sungen \u2013 zu entwickeln.<\/p>\n\n\n\n<p>Hier eine kurze Liste der Bibliotheken<\/p>\n\n\n\n<figure class=\"wp-block-table is-style-stripes\"><table class=\"has-fixed-layout\"><thead><tr><th>Name<\/th><th>Kurzbeschreibung<\/th><\/tr><\/thead><tbody><tr><td>L100_EsriShape<\/td><td>Import\/Export ESRI-Shape-Format<\/td><\/tr><tr><td><a href=\"https:\/\/gosplus.de\/?page_id=487\" data-type=\"page\" data-id=\"487\">L130_Expression<\/a><\/td><td>Mathematische Bibliothek (Verm, Geo, Grafik)<\/td><\/tr><tr><td><a href=\"https:\/\/gosplus.de\/?page_id=523\" data-type=\"page\" data-id=\"523\">L141_NasDbTreiber<\/a><\/td><td>NAS-Datenbank-Treiber (OR-Mapper \/ DB-Serialisierung)<\/td><\/tr><tr><td><a href=\"https:\/\/gosplus.de\/?page_id=523\" data-type=\"page\" data-id=\"523\">L151_NasDbAdapt<\/a><\/td><td>NAS-Adapter, Aufl\u00f6sung der ALKIS-Relationen (u.a. Eigent\u00fcmer)<\/td><\/tr><tr><td><a href=\"https:\/\/gosplus.de\/?page_id=469\" data-type=\"page\" data-id=\"469\">L180_GeOP<\/a><\/td><td>Geodetic Observations Processor<br>(Vollst. Berechnungs-Prog. ohne UI)<\/td><\/tr><tr><td><a href=\"https:\/\/gosplus.de\/?page_id=575\" data-type=\"page\" data-id=\"575\">L240_PAX<\/a><\/td><td>High-Performance<br>XML-Parser\/Formatter<\/td><\/tr><tr><td><a href=\"https:\/\/gosplus.de\/?page_id=467\" data-type=\"page\" data-id=\"467\">L270_CrsTools<\/a><\/td><td>CRS-Tools, EPSG-Transformationen (Ellipsoide \/ Projection)<\/td><\/tr><tr><td><a href=\"https:\/\/gosplus.de\/?page_id=577\" data-type=\"page\" data-id=\"577\">L280_GML<\/a><\/td><td>GML-Core Basisbibliothek<\/td><\/tr><tr><td><a href=\"https:\/\/gosplus.de\/?page_id=553\" data-type=\"page\" data-id=\"553\">L290_XpAdapt<\/a><\/td><td>Dynamische C++ Lib f\u00fcr XPlanung 5.x &amp; 6.x<\/td><\/tr><\/tbody><\/table><figcaption class=\"wp-element-caption\">weitere auf Anfrage<\/figcaption><\/figure>\n\n\n\n<h2 class=\"wp-block-heading\">Moderne Software-Architektur<\/h2>\n\n\n\n<p>M\u00f6glich wird dies durch die konsequente Trennung nach modernen Architekturmustern wie MVC (Model-View-Controller) oder MVVM (Model-View-ViewModel). Der Grundsatz ist einfach:<\/p>\n\n\n\n<h2 class=\"wp-block-heading\">Wir liefern das GeoDataModel \u2013 Sie entwickeln die Pr\u00e4sentationslogik (UI).<\/h2>\n\n\n\n<p>Diese bew\u00e4hrten Entwurfsmuster dienen der sauberen Trennung zwischen dem Datenmodell (Model) und der Benutzeroberfl\u00e4che (View). Das GCF stellt Ihnen dieses vollst\u00e4ndige Geo-Datenmodell inklusive der gesamten Fachlogik zur Verf\u00fcgung.<\/p>\n\n\n\n<h2 class=\"wp-block-heading\">Was ist ein Framework?<\/h2>\n\n\n\n<p>Ein Framework ist ein stabiles Programmierger\u00fcst, das \u2013 im Gegensatz zu einer einfachen Bibliothek \u2013 die grundlegende Architektur Ihrer Anwendung vorgibt. Es bildet das Fundament, auf dem Sie Ihre spezifische L\u00f6sung effizient entwickeln.<\/p>\n\n\n\n<h2 class=\"wp-block-heading\">Der GCF-Vorteil: Modulare und unabh\u00e4ngige Bausteine<\/h2>\n\n\n\n<p>Das GCF basiert vollst\u00e4ndig auf Java und erm\u00f6glicht so die Entwicklung plattformunabh\u00e4ngiger Anwendungen. Der entscheidende Vorteil unseres Frameworks liegt in seiner modularen Architektur:<br><br>Im Gegensatz zu vielen anderen Geod\u00e4sie-Bibliotheken sind die einzelnen GCF-Module autark nutzbar und nicht starr miteinander gekoppelt. Sie sind jedoch perfekt aufeinander abgestimmt und k\u00f6nnen flexibel f\u00fcr Ihre Anforderungen kombiniert werden.<\/p>\n\n\n\n<h2 class=\"wp-block-heading\">Umfassender Funktionsumfang<\/h2>\n\n\n\n<p>Die Bibliotheken des GeoCalcFrameworks stellen Ihnen alle Geo-Funktionen zur Verf\u00fcgung, die Sie ben\u00f6tigen:<\/p>\n\n\n\n<ul class=\"wp-block-list\">\n<li><strong>Transformationen:<\/strong> 1- bis 7-Parameter, NTv2, Badekas, Molodensky<\/li>\n\n\n\n<li><strong>Geod\u00e4tische Berechnungen:<\/strong> Alle Standard- und Sonderf\u00e4lle<\/li>\n\n\n\n<li><strong>Stapelverarbeitung:<\/strong> Rekursive und sequentielle Abarbeitung<\/li>\n\n\n\n<li><strong>Automatisierte Auswertungen:<\/strong> GNSS- und Polar-Auswertung<\/li>\n\n\n\n<li><strong>Netzausgleichung:<\/strong> 1D\/2D\/3D (nach dem JAG3D-Verfahren)<\/li>\n\n\n\n<li><strong>Datenmodell:<\/strong> Objektorientierte Vermessungselemente, OGC-konform<\/li>\n\n\n\n<li><strong>Datenbank-basiert:<\/strong> Solide Grundlage durch SQL-Datenbanken<\/li>\n\n\n\n<li><strong>Reporting:<\/strong> Flexible Formularausgabe \u00fcber Template-Engine (PDF, TEXT, HTML)<\/li>\n\n\n\n<li><strong>Raumbezug:<\/strong> Alle Vermessungsobjekte mit SFA (Simple Feature Access)<\/li>\n\n\n\n<li><strong>Ger\u00e4testeuerung:<\/strong> Ansteuerung von GNSS und Tachymetern, inkl. eigenem NTRIP-Client<\/li>\n<\/ul>\n\n\n\n<h2 class=\"wp-block-heading\">Ihre Anwendungsm\u00f6glichkeiten<\/h2>\n\n\n\n<p>Diese Module bilden die perfekte Basis f\u00fcr die Entwicklung vielf\u00e4ltiger geod\u00e4tischer Software:<\/p>\n\n\n\n<ul class=\"wp-block-list\">\n<li>Geod\u00e4tische Berechnungsprogramme (Ingenieur-\/Katastervermessung)<\/li>\n\n\n\n<li>Au\u00dfendienst- und Feldl\u00f6sungen<\/li>\n\n\n\n<li>Spezialsoftware f\u00fcr Nischenanwendungen<\/li>\n\n\n\n<li>Embedded \/ Integrierte L\u00f6sungen<\/li>\n<\/ul>\n\n\n\n<p>Sie erhalten eine vollst\u00e4ndige geod\u00e4tische Funktionsbibliothek ohne GUI \u2013 bereit f\u00fcr die Entwicklung Ihrer eigenen, ma\u00dfgeschneiderten Applikation!<\/p>\n\n\n\n<p><\/p>\n","protected":false},"excerpt":{"rendered":"<p>GCF &#8211; Geodetic Calculation Framework Das GCF ist die ideale Basis, um geod\u00e4tisches Fachwissen in Ihre bestehende Software zu integrieren oder darauf basierend eigenst\u00e4ndige Anwendungen \u2013 wie B\u00fcro- oder Feldl\u00f6sungen \u2013 zu entwickeln. Hier eine kurze Liste der Bibliotheken Name &hellip; <a href=\"https:\/\/gosplus.de\/?page_id=362\">Weiterlesen <span class=\"meta-nav\">&rarr;<\/span><\/a><\/p>\n","protected":false},"author":1,"featured_media":0,"parent":0,"menu_order":0,"comment_status":"closed","ping_status":"closed","template":"","meta":{"footnotes":""},"class_list":["post-362","page","type-page","status-publish","hentry"],"_links":{"self":[{"href":"https:\/\/gosplus.de\/index.php?rest_route=\/wp\/v2\/pages\/362","targetHints":{"allow":["GET"]}}],"collection":[{"href":"https:\/\/gosplus.de\/index.php?rest_route=\/wp\/v2\/pages"}],"about":[{"href":"https:\/\/gosplus.de\/index.php?rest_route=\/wp\/v2\/types\/page"}],"author":[{"embeddable":true,"href":"https:\/\/gosplus.de\/index.php?rest_route=\/wp\/v2\/users\/1"}],"replies":[{"embeddable":true,"href":"https:\/\/gosplus.de\/index.php?rest_route=%2Fwp%2Fv2%2Fcomments&post=362"}],"version-history":[{"count":11,"href":"https:\/\/gosplus.de\/index.php?rest_route=\/wp\/v2\/pages\/362\/revisions"}],"predecessor-version":[{"id":580,"href":"https:\/\/gosplus.de\/index.php?rest_route=\/wp\/v2\/pages\/362\/revisions\/580"}],"wp:attachment":[{"href":"https:\/\/gosplus.de\/index.php?rest_route=%2Fwp%2Fv2%2Fmedia&parent=362"}],"curies":[{"name":"wp","href":"https:\/\/api.w.org\/{rel}","templated":true}]}}