{"id":179,"date":"2023-08-01T10:02:57","date_gmt":"2023-08-01T08:02:57","guid":{"rendered":"https:\/\/gosplus.de\/?page_id=179"},"modified":"2026-03-11T18:34:04","modified_gmt":"2026-03-11T17:34:04","slug":"startseite","status":"publish","type":"page","link":"https:\/\/gosplus.de\/","title":{"rendered":"Startseite"},"content":{"rendered":"\n<h2 class=\"wp-block-heading\">Wir sind Ihr Partner f\u00fcr die individuelle Entwicklung von Software im Bereich Vermessung und Geod\u00e4sie<\/h2>\n\n\n\n<p>Hier finden Sie hier die richtige L\u00f6sung f\u00fcr Ihre Anforderungen!<\/p>\n\n\n\n<div class=\"wp-block-media-text has-media-on-the-right is-stacked-on-mobile\" style=\"grid-template-columns:auto 25%\"><div class=\"wp-block-media-text__content\">\n<p style=\"font-size:15px\"><strong>NEU: L290_XpAdapt: XPlanung-Logik<\/strong><br>DieseBibliothek implementiert die volle Fachlogik der XPlanung inklusive dynamischer Schema-Verarbeitung. Mit integrierter Topologie-Pr\u00fcfung und regelbasierter Attribut-Steuerung (ElemProc) entstehen effizient valide Fachdaten f\u00fcr Bebauungs- und Fl\u00e4chennutzungspl\u00e4ne.<br><a href=\"https:\/\/gosplus.de\/?page_id=553\" data-type=\"page\" data-id=\"553\">Mehr lesen \u2026<\/a><\/p>\n<\/div><figure class=\"wp-block-media-text__media\"><img loading=\"lazy\" decoding=\"async\" width=\"502\" height=\"486\" src=\"https:\/\/gosplus.de\/wp-content\/uploads\/2026\/02\/L290_Logo_03-e1773250371557.jpg\" alt=\"\" class=\"wp-image-588 size-full\" srcset=\"https:\/\/gosplus.de\/wp-content\/uploads\/2026\/02\/L290_Logo_03-e1773250371557.jpg 502w, https:\/\/gosplus.de\/wp-content\/uploads\/2026\/02\/L290_Logo_03-e1773250371557-300x290.jpg 300w\" sizes=\"auto, (max-width: 502px) 100vw, 502px\" \/><\/figure><\/div>\n\n\n\n<div class=\"wp-block-media-text is-stacked-on-mobile\" style=\"grid-template-columns:28% auto\"><figure class=\"wp-block-media-text__media\"><img loading=\"lazy\" decoding=\"async\" width=\"575\" height=\"580\" src=\"https:\/\/gosplus.de\/wp-content\/uploads\/2026\/03\/Gemini_Generated_Image_ac862cac862cac86-e1773249383468.png\" alt=\"\" class=\"wp-image-598 size-full\" srcset=\"https:\/\/gosplus.de\/wp-content\/uploads\/2026\/03\/Gemini_Generated_Image_ac862cac862cac86-e1773249383468.png 575w, https:\/\/gosplus.de\/wp-content\/uploads\/2026\/03\/Gemini_Generated_Image_ac862cac862cac86-e1773249383468-297x300.png 297w, https:\/\/gosplus.de\/wp-content\/uploads\/2026\/03\/Gemini_Generated_Image_ac862cac862cac86-e1773249383468-150x150.png 150w\" sizes=\"auto, (max-width: 575px) 100vw, 575px\" \/><\/figure><div class=\"wp-block-media-text__content\">\n<p style=\"font-size:15px\">Die Bibliothek <strong>L180_GeOP<\/strong> ist eine hochperformante Engine f\u00fcr komplexe geod\u00e4tische Berechnungen und die schnelle GNSS- sowie Polarauswertung. Sie ist speziell f\u00fcr die nahtlose Integration in eigene Softwarel\u00f6sungen konzipiert. Damit bildet sie das perfekte, robuste Fundament, um darauf ein vollumf\u00e4ngliches &#8218;geod\u00e4tisches Berechnungsprogramm&#8216; aufzubauen.<\/p>\n<\/div><\/div>\n\n\n\n<div class=\"wp-block-media-text has-media-on-the-right is-stacked-on-mobile\" style=\"grid-template-columns:auto 19%\"><div class=\"wp-block-media-text__content\">\n<p style=\"font-size:15px\"><strong>NTv2-Studio: Erstellung von NTv2-Gitternetzen.<\/strong><br>Erzeugen Sie aus Passpunkt-Paaren hochgenaue NTv2-Dateien f\u00fcr die Koordinatentransformation. Modellieren Sie lokale Verzerrungen exakt und schaffen Sie die Grundlage f\u00fcr Pr\u00e4zisionstransformationen in jedem beliebigen Zielgebiet.<br><strong><em><a href=\"https:\/\/gosplus.de\/?page_id=107\" data-type=\"page\" data-id=\"107\">Mehr lesen &#8230;<\/a><\/em><\/strong><\/p>\n<\/div><figure class=\"wp-block-media-text__media\"><img loading=\"lazy\" decoding=\"async\" width=\"111\" height=\"100\" src=\"https:\/\/gosplus.de\/wp-content\/uploads\/2025\/09\/NS4_h0100-1.png\" alt=\"\" class=\"wp-image-416 size-full\"\/><\/figure><\/div>\n\n\n\n<div class=\"wp-block-media-text is-stacked-on-mobile\" style=\"grid-template-columns:31% auto\"><figure class=\"wp-block-media-text__media\"><img loading=\"lazy\" decoding=\"async\" width=\"300\" height=\"226\" src=\"https:\/\/gosplus.de\/wp-content\/uploads\/2025\/09\/gp_works_01.jpg\" alt=\"\" class=\"wp-image-411 size-full\"\/><\/figure><div class=\"wp-block-media-text__content\">\n<p style=\"font-size:15px\"><strong>GP-Works: Geod\u00e4tische Berechnungssoftware<\/strong><br>Die modulare Software f\u00fcr Geod\u00e4sie, die umfassende Funktionen (ALKIS, Netzausgleichung u.v.m.) mit hoher Performance und intuitiver Bedienung vereint.<br><strong><em><a href=\"https:\/\/gosplus.de\/?page_id=435\" data-type=\"page\" data-id=\"435\">Mehr lesen &#8230;<\/a><\/em><\/strong><\/p>\n<\/div><\/div>\n\n\n\n<div class=\"wp-block-media-text has-media-on-the-right is-stacked-on-mobile\" style=\"grid-template-columns:auto 41%\"><div class=\"wp-block-media-text__content\">\n<p style=\"font-size:15px\"><strong>GOSclient \/ ALKIS-Explorer<\/strong><br>ALKIS-Grafik-Software mit Features wie selektiver Grafik, Eigent\u00fcmerauskunft und automatischer Ma\u00dfskizzen-Erstellung.<br><strong><em><a href=\"https:\/\/gosplus.de\/?page_id=442\" data-type=\"page\" data-id=\"442\">Mehr lesen &#8230;<\/a><\/em><\/strong><\/p>\n<\/div><figure class=\"wp-block-media-text__media\"><a href=\"http:\/\/www.online.crstools.de:8080\/\" target=\"_blank\" rel=\" noreferrer noopener\"><img loading=\"lazy\" decoding=\"async\" width=\"1024\" height=\"576\" src=\"https:\/\/gosplus.de\/wp-content\/uploads\/2025\/09\/20240909_Tuerkei_00008-1024x576.jpg\" alt=\"\" class=\"wp-image-408 size-full\" srcset=\"https:\/\/gosplus.de\/wp-content\/uploads\/2025\/09\/20240909_Tuerkei_00008-1024x576.jpg 1024w, https:\/\/gosplus.de\/wp-content\/uploads\/2025\/09\/20240909_Tuerkei_00008-300x169.jpg 300w, https:\/\/gosplus.de\/wp-content\/uploads\/2025\/09\/20240909_Tuerkei_00008-768x432.jpg 768w, https:\/\/gosplus.de\/wp-content\/uploads\/2025\/09\/20240909_Tuerkei_00008-1536x864.jpg 1536w, https:\/\/gosplus.de\/wp-content\/uploads\/2025\/09\/20240909_Tuerkei_00008.jpg 1920w\" sizes=\"auto, (max-width: 1024px) 100vw, 1024px\" \/><\/a><\/figure><\/div>\n\n\n\n<div class=\"wp-block-media-text is-stacked-on-mobile has-blue-color has-text-color has-link-color wp-elements-875c590e984d0d0e7f2626218b701c5d\" style=\"grid-template-columns:38% auto\"><figure class=\"wp-block-media-text__media\"><img loading=\"lazy\" decoding=\"async\" width=\"400\" height=\"300\" src=\"https:\/\/gosplus.de\/wp-content\/uploads\/2024\/12\/Schulung_01.jpg\" alt=\"\" class=\"wp-image-316 size-full\" srcset=\"https:\/\/gosplus.de\/wp-content\/uploads\/2024\/12\/Schulung_01.jpg 400w, https:\/\/gosplus.de\/wp-content\/uploads\/2024\/12\/Schulung_01-300x225.jpg 300w\" sizes=\"auto, (max-width: 400px) 100vw, 400px\" \/><\/figure><div class=\"wp-block-media-text__content\">\n<p class=\"has-black-color has-text-color has-link-color wp-elements-e3d80f0d7189f05352c148deea10def9\" style=\"font-size:15px\"><strong>Beratung \/ Schulung<\/strong><br>Sie suchen Unterst\u00fctzung f\u00fcr das Thema &#8222;Koordinatensysteme \/ Transformation&#8220;? Lassen Sie sich durch unsere individuelle Schulung und Weiterbildung voranbringen. <br><strong><em><a href=\"https:\/\/gosplus.de\/?page_id=89\" data-type=\"page\" data-id=\"89\">Mehr lesen &#8230;<\/a><\/em><\/strong><\/p>\n<\/div><\/div>\n\n\n\n<p><\/p>\n","protected":false},"excerpt":{"rendered":"<p>Wir sind Ihr Partner f\u00fcr die individuelle Entwicklung von Software im Bereich Vermessung und Geod\u00e4sie Hier finden Sie hier die richtige L\u00f6sung f\u00fcr Ihre Anforderungen! NEU: L290_XpAdapt: XPlanung-LogikDieseBibliothek implementiert die volle Fachlogik der XPlanung inklusive dynamischer Schema-Verarbeitung. Mit integrierter Topologie-Pr\u00fcfung &hellip; <a href=\"https:\/\/gosplus.de\/\">Weiterlesen <span class=\"meta-nav\">&rarr;<\/span><\/a><\/p>\n","protected":false},"author":1,"featured_media":0,"parent":0,"menu_order":0,"comment_status":"closed","ping_status":"closed","template":"","meta":{"footnotes":""},"class_list":["post-179","page","type-page","status-publish","hentry"],"_links":{"self":[{"href":"https:\/\/gosplus.de\/index.php?rest_route=\/wp\/v2\/pages\/179","targetHints":{"allow":["GET"]}}],"collection":[{"href":"https:\/\/gosplus.de\/index.php?rest_route=\/wp\/v2\/pages"}],"about":[{"href":"https:\/\/gosplus.de\/index.php?rest_route=\/wp\/v2\/types\/page"}],"author":[{"embeddable":true,"href":"https:\/\/gosplus.de\/index.php?rest_route=\/wp\/v2\/users\/1"}],"replies":[{"embeddable":true,"href":"https:\/\/gosplus.de\/index.php?rest_route=%2Fwp%2Fv2%2Fcomments&post=179"}],"version-history":[{"count":34,"href":"https:\/\/gosplus.de\/index.php?rest_route=\/wp\/v2\/pages\/179\/revisions"}],"predecessor-version":[{"id":604,"href":"https:\/\/gosplus.de\/index.php?rest_route=\/wp\/v2\/pages\/179\/revisions\/604"}],"wp:attachment":[{"href":"https:\/\/gosplus.de\/index.php?rest_route=%2Fwp%2Fv2%2Fmedia&parent=179"}],"curies":[{"name":"wp","href":"https:\/\/api.w.org\/{rel}","templated":true}]}}