{"id":114,"date":"2023-07-25T14:43:44","date_gmt":"2023-07-25T12:43:44","guid":{"rendered":"https:\/\/gosplus.de\/?page_id=114"},"modified":"2026-03-11T18:11:43","modified_gmt":"2026-03-11T17:11:43","slug":"acad-bricscad-plugin","status":"publish","type":"page","link":"https:\/\/gosplus.de\/?page_id=114","title":{"rendered":"P_ACAD-\/BricsCAD-Plugin"},"content":{"rendered":"\n<h2 class=\"wp-block-heading\"><strong>Integration in die cseTools (AutoCAD \/ BricsCAD \/ ARES Commander)<\/strong><\/h2>\n\n\n\n<p>Als Entwickler von spezialisierten Geod\u00e4sie- und Vermessungskomponenten bilde ich mit meiner Software die technische Basis f\u00fcr namhafte Branchenl\u00f6sungen. So sind meine Bibliotheken f\u00fcr die komplexe Koordinatentransformation und die Verarbeitung von ALKIS\/NAS-Daten ein integraler Bestandteil der renommierten <strong><\/strong> meines langj\u00e4hrigen Partners aRES Datensysteme. Diese professionellen Tiefbaul\u00f6sungen erweitern etablierte Basis-CAD-Systeme wie AutoCAD, BricsCAD, Civil 3D und ARES Commander um leistungsstarke Fachschalen.<\/p>\n\n\n\n<p>Das <strong><\/strong> wird dabei direkt von meiner Engine angetrieben. Diese sorgt im Hintergrund daf\u00fcr, dass selbst riesige amtliche Kataster-Datens\u00e4tze blitzschnell im CAD-System visualisiert werden k\u00f6nnen. Anstatt die Zeichnung mit Daten zu \u00fcberladen, werden die NAS-Daten intelligent in eine separate Datenbank (z. B. PostgreSQL) eingelesen, sodass im CAD immer nur der aktuell sichtbare Ausschnitt hochperformant geladen wird. Ein entscheidender technologischer Vorteil meiner Schnittstelle ist dabei die Detailtiefe: Der Parser extrahiert vollst\u00e4ndige Eigentumsverh\u00e4ltnisse, komplexe Objekt-Attribute und Pr\u00e4sentationsobjekte wesentlich tiefgreifender und exakter aus den Originaldaten, als es herk\u00f6mmliche Standardkonverter wie GDAL leisten k\u00f6nnen.<\/p>\n\n\n\n<p>Firma aRES: <a href=\"https:\/\/www.csetools.de\/\" target=\"_blank\" rel=\"noreferrer noopener\">CseTools<\/a> + <a href=\"https:\/\/www.csetools.de\/module\/alkis?highlight=WyJhbGtpcyJd\" target=\"_blank\" rel=\"noreferrer noopener\">CseTools-ALKIS<\/a><\/p>\n\n\n\n<p><\/p>\n","protected":false},"excerpt":{"rendered":"<p>Integration in die cseTools (AutoCAD \/ BricsCAD \/ ARES Commander) Als Entwickler von spezialisierten Geod\u00e4sie- und Vermessungskomponenten bilde ich mit meiner Software die technische Basis f\u00fcr namhafte Branchenl\u00f6sungen. So sind meine Bibliotheken f\u00fcr die komplexe Koordinatentransformation und die Verarbeitung von &hellip; <a href=\"https:\/\/gosplus.de\/?page_id=114\">Weiterlesen <span class=\"meta-nav\">&rarr;<\/span><\/a><\/p>\n","protected":false},"author":1,"featured_media":0,"parent":0,"menu_order":0,"comment_status":"closed","ping_status":"closed","template":"","meta":{"footnotes":""},"class_list":["post-114","page","type-page","status-publish","hentry"],"_links":{"self":[{"href":"https:\/\/gosplus.de\/index.php?rest_route=\/wp\/v2\/pages\/114","targetHints":{"allow":["GET"]}}],"collection":[{"href":"https:\/\/gosplus.de\/index.php?rest_route=\/wp\/v2\/pages"}],"about":[{"href":"https:\/\/gosplus.de\/index.php?rest_route=\/wp\/v2\/types\/page"}],"author":[{"embeddable":true,"href":"https:\/\/gosplus.de\/index.php?rest_route=\/wp\/v2\/users\/1"}],"replies":[{"embeddable":true,"href":"https:\/\/gosplus.de\/index.php?rest_route=%2Fwp%2Fv2%2Fcomments&post=114"}],"version-history":[{"count":5,"href":"https:\/\/gosplus.de\/index.php?rest_route=\/wp\/v2\/pages\/114\/revisions"}],"predecessor-version":[{"id":596,"href":"https:\/\/gosplus.de\/index.php?rest_route=\/wp\/v2\/pages\/114\/revisions\/596"}],"wp:attachment":[{"href":"https:\/\/gosplus.de\/index.php?rest_route=%2Fwp%2Fv2%2Fmedia&parent=114"}],"curies":[{"name":"wp","href":"https:\/\/api.w.org\/{rel}","templated":true}]}}